{"id":152,"date":"2013-07-09T12:41:08","date_gmt":"2013-07-09T12:41:08","guid":{"rendered":"https:\/\/www.hotelala.net\/home-2\/"},"modified":"2021-02-01T17:23:51","modified_gmt":"2021-02-01T16:23:51","slug":"home","status":"publish","type":"page","link":"https:\/\/www.hotelala.net\/de\/","title":{"rendered":"Hotel Ala in Riccione\u2026 all inclusive hotels in der n\u00e4he der stute"},"content":{"rendered":"<h2><strong>Genie\u00dfen Sie einen entspannenden Urlaub zwischen Strand und Thermalbad.<\/strong><\/h2>\n<p><span style=\"font-size: 16pt;\"><strong>Erleben Sie ihren Urlaub in Ruhe. Das Ala Hotel bietet Ihnen Entspannung zu einem ALL INCLUSIVE Preis!<\/strong><\/span><\/p>\n<p><strong>In dem zwei-Sterne-Hotel Ala in Riccione<\/strong> k\u00f6nnen Sie einen fantastischen Urlaub am Meer zu einem g\u00fcnstigen ALL INCLUSIVE Angebot erleben. Das Hotel Ala ist nur wenige Schritte von dem Thermalbad in Riccione entfernt, und ist der ideale Platz, um die Vorteile eines beruhigenden<strong> Urlaubs zu genie\u00dfen, sowohl f\u00fcr deinen K\u00f6rper, als auch f\u00fcr deinen Geist.<\/strong><\/p>\n<p><strong>Sonnen Sie sich in einer entspannenden Atmosph\u00e4re!<\/strong> Mit einem einzigen Tarif k\u00f6nnen Sie die Vollpension am Hotel und Liege und Sonnenschirm am Strand haben.<br \/>\n<strong>Unser Hotel ist Synonym f\u00fcr Bequemlichkeit, aber auch f\u00fcr Ersparnis.<\/strong> Der ALL INCLUSIVE Angebot bietet Ihnen die Sicherheit eines festgesetzten Preises: genie\u00dfen Sie die Vorteile eines Urlaubs in Riccione, ohne unerfreuliche Preis\u00fcberraschungen.<\/p>\n<p><strong>Die Zimmer sind ger\u00e4umig und hell<\/strong>. Jedes hat ein kaum renoviertes, elegantes und gepflegtes Privatbad, mit Handtuchen und Duschkabine, indem Sie sich nach einem Tag am Strand in einer angenehmen Atmosph\u00e4re erfrischen k\u00f6nnen. Die Familie Troni ist hoch erfreut, Sie in einem herzlichen Ambiente willkommen zu hei\u00dfen. Die Familie ist in jedem Moment verf\u00fcgbar, die G\u00e4ste mit jedem Bed\u00fcrfnis zu helfen.<\/p>\n<h2><strong> Alle Dienstleistungen sind <\/strong><br \/>\n<strong>in einem einzigen Preis enthaltet:<\/strong><\/h2>\n<ul>\n<li>Am Strand finden Sie immer ihre<strong> Liegen und ihren Sonnenschirm<\/strong><\/li>\n<li>Die<strong> Getr\u00e4nkean<\/strong> den Mahlzeiten sind im Preis inbegriffen<\/li>\n<li>Alle R\u00e4ume des Hotels sind <strong>klimatisiert<\/strong><\/li>\n<li><strong>Reservieren Sie im Voraus eines Parkplatzes<\/strong>, um Zeit zu sparen (solange der Platz reicht)<\/li>\n<li>Der<strong> Wi-Fi <\/strong>Netzwerk erlaubt Ihnen, ihres Urlaub mit Freunden zu teilen<\/li>\n<li>Ihre Haustiere sind bei uns willkommen<\/li>\n<li><span class=\"tlid-translation translation\" lang=\"de\"><span class=\"\" title=\"\"><strong>NEU 2021:<\/strong> Minik\u00fchlschrank und Schlafsofa im Zimmer!<\/span><\/span><\/li>\n<\/ul>\n<h2><strong>Von dem Hotel ist es leicht<br \/>\ndie wichtigsten Orte der Stadt zu erreichen:<\/strong><\/h2>\n<ul>\n<li>Die Umgebung ist ruhig und schattig, um ihre Entspannung zu helfen<\/li>\n<li>Der <strong>Strand ist nur 5 Minuten zu Fu\u00df <\/strong>entfernt<\/li>\n<li>Am 150 Meter gibt es das T<strong>hermalbad von Riccione<\/strong><\/li>\n<li>In der N\u00e4he des Hotels finden Sie auch die wichtigsten <strong>Shopping-Stra\u00dfen <\/strong><\/li>\n<li>der Stadt:<strong>Viale Ceccarini und Viale Gramsci<\/strong><\/li>\n<li>Sie k\u00f6nnen leicht den Bahnhof erreichen, sowohl zu Fu\u00df, als auch mit dem Bus<\/li>\n<\/ul>\n<div id=\"new-royalslider-1\" class=\"royalSlider new-royalslider-1 rsDefaultInv rs-default-template\" style=\"width:100%;height:100%;;\" data-rs-options='{&quot;template&quot;:&quot;default&quot;,&quot;image_generation&quot;:{&quot;imageWidth&quot;:&quot;&quot;,&quot;imageHeight&quot;:&quot;&quot;,&quot;thumbImageWidth&quot;:&quot;&quot;,&quot;thumbImageHeight&quot;:&quot;&quot;},&quot;thumbs&quot;:{&quot;thumbWidth&quot;:96,&quot;thumbHeight&quot;:72},&quot;fullscreen&quot;:{&quot;enabled&quot;:&quot;true&quot;},&quot;visibleNearby&quot;:{&quot;centerArea&quot;:&quot;&quot;,&quot;breakpointCenterArea&quot;:&quot;&quot;},&quot;width&quot;:&quot;100%&quot;,&quot;height&quot;:&quot;100%&quot;,&quot;autoScaleSlider&quot;:&quot;true&quot;,&quot;autoScaleSliderWidth&quot;:640,&quot;autoScaleSliderHeight&quot;:480,&quot;imageScaleMode&quot;:&quot;fill&quot;,&quot;loop&quot;:&quot;true&quot;}'>\n<div class=\"rsContent\">\n  <img decoding=\"async\" class=\"rsImg\" src=\"https:\/\/www.hotelala.net\/wp-content\/uploads\/2013\/07\/MG_8725-BIS-OK-RIT-STRETCH-by-Giorgio-web-gallery-e1496820723868.jpg\" data-rsBigImg=\"https:\/\/www.hotelala.net\/wp-content\/uploads\/2013\/07\/MG_8725-BIS-OK-RIT-STRETCH-by-Giorgio-web-gallery-e1496820723868.jpg\" alt=\"Foto Hotel Ala esterno\"\/>\n  \n  \n  \n<\/div>\n<div class=\"rsContent\">\n  <img decoding=\"async\" class=\"rsImg\" src=\"https:\/\/www.hotelala.net\/wp-content\/uploads\/2013\/07\/MG_8629-web-gallery.jpg\" data-rsBigImg=\"https:\/\/www.hotelala.net\/wp-content\/uploads\/2013\/07\/MG_8629-web-gallery.jpg\" alt=\"_MG_8629-web-gallery\"\/>\n  \n  \n  \n<\/div>\n<div class=\"rsContent\">\n  <img decoding=\"async\" class=\"rsImg\" src=\"https:\/\/www.hotelala.net\/wp-content\/uploads\/2013\/07\/MG_8559-web-gallery.jpg\" data-rsBigImg=\"https:\/\/www.hotelala.net\/wp-content\/uploads\/2013\/07\/MG_8559-web-gallery.jpg\" alt=\"_MG_8559-web-gallery\"\/>\n  \n  \n  \n<\/div>\n<div class=\"rsContent\">\n  <img decoding=\"async\" class=\"rsImg\" src=\"https:\/\/www.hotelala.net\/wp-content\/uploads\/2013\/07\/MG_8624-web-gallery.jpg\" data-rsBigImg=\"https:\/\/www.hotelala.net\/wp-content\/uploads\/2013\/07\/MG_8624-web-gallery.jpg\" alt=\"_MG_8624-web-gallery\"\/>\n  \n  \n  \n<\/div>\n<div class=\"rsContent\">\n  <img decoding=\"async\" class=\"rsImg\" src=\"https:\/\/www.hotelala.net\/wp-content\/uploads\/2013\/07\/MG_8541-web-gallery.jpg\" data-rsBigImg=\"https:\/\/www.hotelala.net\/wp-content\/uploads\/2013\/07\/MG_8541-web-gallery.jpg\" alt=\"_MG_8541-web-gallery\"\/>\n  \n  \n  \n<\/div>\n<div class=\"rsContent\">\n  <img decoding=\"async\" class=\"rsImg\" src=\"https:\/\/www.hotelala.net\/wp-content\/uploads\/2013\/07\/MG_8552-TV-web-gallery.jpg\" data-rsBigImg=\"https:\/\/www.hotelala.net\/wp-content\/uploads\/2013\/07\/MG_8552-TV-web-gallery.jpg\" alt=\"_MG_8552-TV-web-gallery\"\/>\n  \n  \n  \n<\/div>\n<div class=\"rsContent\">\n  <img decoding=\"async\" class=\"rsImg\" src=\"https:\/\/www.hotelala.net\/wp-content\/uploads\/2013\/07\/MG_8550-TV-web-gallery.jpg\" data-rsBigImg=\"https:\/\/www.hotelala.net\/wp-content\/uploads\/2013\/07\/MG_8550-TV-web-gallery.jpg\" alt=\"_MG_8550-TV-web-gallery\"\/>\n  \n  \n  \n<\/div>\n<div class=\"rsContent\">\n  <img decoding=\"async\" class=\"rsImg\" src=\"https:\/\/www.hotelala.net\/wp-content\/uploads\/2013\/07\/MG_8547-TV-web-gallery.jpg\" data-rsBigImg=\"https:\/\/www.hotelala.net\/wp-content\/uploads\/2013\/07\/MG_8547-TV-web-gallery.jpg\" alt=\"_MG_8547-TV-web-gallery\"\/>\n  \n  \n  \n<\/div>\n\n<\/div>\n\n","protected":false},"excerpt":{"rendered":"<p>Genie\u00dfen Sie einen entspannenden Urlaub zwischen Strand und Thermalbad. Erleben Sie ihren Urlaub in Ruhe. Das Ala Hotel bietet Ihnen Entspannung zu einem ALL INCLUSIVE Preis! In dem zwei-Sterne-Hotel Ala in Riccione k\u00f6nnen Sie einen fantastischen Urlaub am Meer zu &#8230;<\/p>\n","protected":false},"author":6,"featured_media":0,"parent":0,"menu_order":3,"comment_status":"closed","ping_status":"closed","template":"","meta":{"_acf_changed":false},"class_list":["post-152","page","type-page","status-publish","hentry"],"acf":[],"aioseo_notices":[],"_links":{"self":[{"href":"https:\/\/www.hotelala.net\/de\/wp-json\/wp\/v2\/pages\/152","targetHints":{"allow":["GET"]}}],"collection":[{"href":"https:\/\/www.hotelala.net\/de\/wp-json\/wp\/v2\/pages"}],"about":[{"href":"https:\/\/www.hotelala.net\/de\/wp-json\/wp\/v2\/types\/page"}],"author":[{"embeddable":true,"href":"https:\/\/www.hotelala.net\/de\/wp-json\/wp\/v2\/users\/6"}],"replies":[{"embeddable":true,"href":"https:\/\/www.hotelala.net\/de\/wp-json\/wp\/v2\/comments?post=152"}],"version-history":[{"count":0,"href":"https:\/\/www.hotelala.net\/de\/wp-json\/wp\/v2\/pages\/152\/revisions"}],"wp:attachment":[{"href":"https:\/\/www.hotelala.net\/de\/wp-json\/wp\/v2\/media?parent=152"}],"curies":[{"name":"wp","href":"https:\/\/api.w.org\/{rel}","templated":true}]}}