{"id":156,"date":"2014-04-30T11:33:33","date_gmt":"2014-04-30T09:33:33","guid":{"rendered":"https:\/\/www.hotelala.net\/servizi-in-hotel-2\/"},"modified":"2020-01-15T11:24:41","modified_gmt":"2020-01-15T10:24:41","slug":"restaurant-im-hotel","status":"publish","type":"page","link":"https:\/\/www.hotelala.net\/de\/restaurant-im-hotel\/","title":{"rendered":"<strong>Restaurant<\/strong>"},"content":{"rendered":"<h2>Leckere Speise und hohe Qualit\u00e4t<\/h2>\n<h3><strong>Das s\u00fc\u00dfere Aufwachen mit unserem Fr\u00fchst\u00fcck<\/strong><\/h3>\n<p>Nach einer ruhigen Nacht in einem unserer bequemen Betten, wachen Sie in Entspannung auf: hier gibt es kein l\u00e4stiger Wecker, der die Zeit betont, und in unserem Speisesaal gibt es schon seit fr\u00fchmorgens das Aroma des Kaffees.<\/p>\n<p><strong>Zum Fr\u00fchstuck finden Sie leckere s\u00fc\u00df- und salzige Spezialit\u00e4ten, um jeden Urlaubstag mit Geschmack zu beginnen.<\/strong><\/p>\n<p>Nicht nur hausgemachte Kuchen und M\u00fcrbeteigkuchen, Kekse, Brioche, Krapfen, Zwiebacke und Jogurt, sondern auch frisch gebackener Brot, K\u00e4se und Aufschnitt f\u00fcr die English-Breakfast Liebhaber.<br \/>\nAlles wird nat\u00fcrlich mit kalten und warmen Getr\u00e4nken beigef\u00fcgt.<br \/>\nWas m\u00f6chten Sie noch?<br \/>\nNach einer Nacht voll von Tr\u00e4umen, genie\u00dfen Sie einen essbaren Fr\u00fchstuck und sammeln die Energie f\u00fcr einen neuen Urlaubstag.<\/p>\n<h3><strong>K\u00f6stlichkeiten beim Mittag-und Abendessen!<\/strong><\/h3>\n<p>Jeden Tag werden unsere G\u00e4ste mit einem reichen Men\u00fc in den Speisesaal empfangen. Unsere kulinarischen Vorschl\u00e4ge enthalten jeden Tag ein Fleisch- und ein Fischmen\u00fc, mit einer Auswahl zwischen zwei Speisen jedes Ganges.<br \/>\nAu\u00dferdem finden Sie auch ein reiches B\u00fcfett mit Vorspeisen, Beilagen und frischen Gem\u00fcse.<br \/>\nDer Chefkoch des Hotels Ala will an den Hotelg\u00e4sten die kulinarische Tradition der Romagna bieten. Zu diesem Zweck schl\u00e4gt er immer unterschiedliche, begehrte Speisen vor.<\/p>\n<p><strong>Die Familie Troni sucht immer neue Rezepte, die mit Zutaten erster Wahl und echten Produkten realisiert werden.<\/strong><\/p>\n<p>Wir passen auch auf die Bed\u00fcrfnisse der Kinder auf: informieren Sie unseren Staff \u00fcber die W\u00fcnsche ihrer Kinder und wir werden unseren M\u00f6glichstes tun, um Sie zu befriedigen.<\/p>\n<h3><strong>Eine leckere Torte f\u00fcr alle!<\/strong><\/h3>\n<p>Jeder Sonntag wird eine Party!<br \/>\nEin Geburtstag, ein Jahrestag\u2026jeder Gedenktag ist die richtige Gelegenheit, um mit einer von unserem Koch Chef bereiteten Torte zu feiern.<br \/>\nMit Obst, Sahne, oder Schokolade gemacht\u2026 die Kuchen sind immer etwas Besonderes!<br \/>\nDas ist die s\u00fc\u00dfeste Zeit der Woche und des Urlaubs.<br \/>\n<strong>Das Hotel Ala liebt die G\u00e4ste mit s\u00fc\u00dfen Naschhaftigkeiten \u00fcberraschen.<\/strong><\/p>\n","protected":false},"excerpt":{"rendered":"<p>Leckere Speise und hohe Qualit\u00e4t Das s\u00fc\u00dfere Aufwachen mit unserem Fr\u00fchst\u00fcck Nach einer ruhigen Nacht in einem unserer bequemen Betten, wachen Sie in Entspannung auf: hier gibt es kein l\u00e4stiger Wecker, der die Zeit betont, und in unserem Speisesaal gibt &#8230;<\/p>\n","protected":false},"author":6,"featured_media":0,"parent":0,"menu_order":0,"comment_status":"closed","ping_status":"closed","template":"","meta":{"_acf_changed":false},"class_list":["post-156","page","type-page","status-publish","hentry"],"acf":[],"aioseo_notices":[],"_links":{"self":[{"href":"https:\/\/www.hotelala.net\/de\/wp-json\/wp\/v2\/pages\/156","targetHints":{"allow":["GET"]}}],"collection":[{"href":"https:\/\/www.hotelala.net\/de\/wp-json\/wp\/v2\/pages"}],"about":[{"href":"https:\/\/www.hotelala.net\/de\/wp-json\/wp\/v2\/types\/page"}],"author":[{"embeddable":true,"href":"https:\/\/www.hotelala.net\/de\/wp-json\/wp\/v2\/users\/6"}],"replies":[{"embeddable":true,"href":"https:\/\/www.hotelala.net\/de\/wp-json\/wp\/v2\/comments?post=156"}],"version-history":[{"count":0,"href":"https:\/\/www.hotelala.net\/de\/wp-json\/wp\/v2\/pages\/156\/revisions"}],"wp:attachment":[{"href":"https:\/\/www.hotelala.net\/de\/wp-json\/wp\/v2\/media?parent=156"}],"curies":[{"name":"wp","href":"https:\/\/api.w.org\/{rel}","templated":true}]}}