{"id":168,"date":"2014-04-30T11:31:19","date_gmt":"2014-04-30T09:31:19","guid":{"rendered":"https:\/\/www.hotelala.net\/dove-siamo-2\/"},"modified":"2021-05-05T12:02:23","modified_gmt":"2021-05-05T10:02:23","slug":"lage","status":"publish","type":"page","link":"https:\/\/www.hotelala.net\/de\/lage\/","title":{"rendered":"<strong>Lage<\/strong>"},"content":{"rendered":"<h2>Befolgen Sie unsere Ratschl\u00e4ge, um das Hotel zu erreichen<\/h2>\n<h3><strong>MIT DEM AUTO<\/strong><\/h3>\n<p><strong>Nachdem Sie aus dem Autobahnzahlstellen von Riccione <\/strong>ausgefahren sind, folgen Sie den Stra\u00dfenverkehrsschilden f\u00fcr RICCIONE TERME.<br \/>\n<strong>Wenn Sie die Staatsstra\u00dfe SS16 erreichen, biegen Sie links an dem dritten Kreisverkehr ab<\/strong>. Nach der Unterf\u00fchrung biegen Sie links an dem folgenden Kreisverkehr ab und an der ersten Kreuzung (nach 150 Meter) fahren Sie geradeaus. Das Hotel Ala liegt links von Ihnen, in Trento Trieste Stra\u00dfe Nr. 112.<\/p>\n<h3><strong>MIT DEM ZUG<\/strong><\/h3>\n<p>Steigen Sie am Bahnhof von Riccione aus. <strong>Dort k\u00f6nnen Sie den Taxi Stand finden.<\/strong><br \/>\n<strong>Wenn Sie den Bus nehmen m\u00f6chten, m\u00fcssen Sie an der Haltestelle RICCIONE TERME aussteigen.<\/strong><br \/>\n<strong>Anders, k\u00f6nnen Sie auch zu Fu\u00df das Hotel erreichen.<\/strong><\/p>\n<p>&nbsp;<\/p>\n","protected":false},"excerpt":{"rendered":"<p>Befolgen Sie unsere Ratschl\u00e4ge, um das Hotel zu erreichen MIT DEM AUTO Nachdem Sie aus dem Autobahnzahlstellen von Riccione ausgefahren sind, folgen Sie den Stra\u00dfenverkehrsschilden f\u00fcr RICCIONE TERME. Wenn Sie die Staatsstra\u00dfe SS16 erreichen, biegen Sie links an dem dritten &#8230;<\/p>\n","protected":false},"author":6,"featured_media":0,"parent":0,"menu_order":0,"comment_status":"closed","ping_status":"closed","template":"template.mappa.php","meta":{"_acf_changed":false},"class_list":["post-168","page","type-page","status-publish","hentry"],"acf":[],"aioseo_notices":[],"_links":{"self":[{"href":"https:\/\/www.hotelala.net\/de\/wp-json\/wp\/v2\/pages\/168","targetHints":{"allow":["GET"]}}],"collection":[{"href":"https:\/\/www.hotelala.net\/de\/wp-json\/wp\/v2\/pages"}],"about":[{"href":"https:\/\/www.hotelala.net\/de\/wp-json\/wp\/v2\/types\/page"}],"author":[{"embeddable":true,"href":"https:\/\/www.hotelala.net\/de\/wp-json\/wp\/v2\/users\/6"}],"replies":[{"embeddable":true,"href":"https:\/\/www.hotelala.net\/de\/wp-json\/wp\/v2\/comments?post=168"}],"version-history":[{"count":0,"href":"https:\/\/www.hotelala.net\/de\/wp-json\/wp\/v2\/pages\/168\/revisions"}],"wp:attachment":[{"href":"https:\/\/www.hotelala.net\/de\/wp-json\/wp\/v2\/media?parent=168"}],"curies":[{"name":"wp","href":"https:\/\/api.w.org\/{rel}","templated":true}]}}