{"id":176,"date":"2014-05-02T14:34:58","date_gmt":"2014-05-02T12:34:58","guid":{"rendered":"https:\/\/www.hotelala.net\/terme-di-riccione-2\/"},"modified":"2020-01-15T11:21:17","modified_gmt":"2020-01-15T10:21:17","slug":"badekurorte-von-riccione","status":"publish","type":"page","link":"https:\/\/www.hotelala.net\/de\/badekurorte-von-riccione\/","title":{"rendered":"<strong>Das Thermalbad &#8222;Riccione Terme&#8220;<\/strong>"},"content":{"rendered":"<h2>Ihre Gesundheit ist nur wenige Schritte von Hotel entfernt.<\/h2>\n<p>Das Thermalbad &#8222;Riccione Terme&#8220; wurde w\u00e4hrend des R\u00f6mischen Reichs gegr\u00fcndet und stellt eine wertvolle Quelle f\u00fcr die Gesundheit der Einwohner der Romagna dar. Die Thermalquellen sind reich an Schwefelwasserstoff und stellen ein Allheilmittel f\u00fcr den K\u00f6rper dar.<\/p>\n<p><strong>Ein kleiner Spaziergang trennt das Hotel von dem Thermalbad &#8222;Riccione Terme&#8220;, wo Sie die M\u00f6glichkeit haben werden, regenerierenden Kuren zu machen.<br \/>\n<\/strong><br \/>\nDie von dem Thermalbad &#8222;Riccione Terme&#8220; vorgeschlagenen Therapien enthalten Inhalationskuren f\u00fcr die oberen Atmungswege und das Ohr, Trinkkuren f\u00fcr das Verdauungssystem, Moorb\u00e4der, Rehabilitationen und Massagen f\u00fcr das Knochen Gelenk- und das Muskelsystem, und B\u00e4der f\u00fcr die Haut.<\/p>\n<div id=\"new-royalslider-1\" class=\"royalSlider new-royalslider-1 rsDefaultInv rs-default-template\" style=\"width:100%;height:100%;;\" data-rs-options='{&quot;template&quot;:&quot;default&quot;,&quot;image_generation&quot;:{&quot;imageWidth&quot;:&quot;&quot;,&quot;imageHeight&quot;:&quot;&quot;,&quot;thumbImageWidth&quot;:&quot;&quot;,&quot;thumbImageHeight&quot;:&quot;&quot;},&quot;thumbs&quot;:{&quot;thumbWidth&quot;:96,&quot;thumbHeight&quot;:72},&quot;fullscreen&quot;:{&quot;enabled&quot;:&quot;true&quot;},&quot;visibleNearby&quot;:{&quot;centerArea&quot;:&quot;&quot;,&quot;breakpointCenterArea&quot;:&quot;&quot;},&quot;width&quot;:&quot;100%&quot;,&quot;height&quot;:&quot;100%&quot;,&quot;autoScaleSlider&quot;:&quot;true&quot;,&quot;autoScaleSliderWidth&quot;:640,&quot;autoScaleSliderHeight&quot;:480,&quot;imageScaleMode&quot;:&quot;fill&quot;,&quot;loop&quot;:&quot;true&quot;}'>\n<div class=\"rsContent\">\n  <img decoding=\"async\" class=\"rsImg\" src=\"https:\/\/www.hotelala.net\/wp-content\/uploads\/2014\/05\/terme-3.jpg\" data-rsBigImg=\"https:\/\/www.hotelala.net\/wp-content\/uploads\/2014\/05\/terme-3.jpg\" alt=\"terme-3\"\/>\n  \n  \n  \n<\/div>\n<div class=\"rsContent\">\n  <img decoding=\"async\" class=\"rsImg\" src=\"https:\/\/www.hotelala.net\/wp-content\/uploads\/2014\/05\/terme-2.jpg\" data-rsBigImg=\"https:\/\/www.hotelala.net\/wp-content\/uploads\/2014\/05\/terme-2.jpg\" alt=\"terme-2\"\/>\n  \n  \n  \n<\/div>\n<div class=\"rsContent\">\n  <img decoding=\"async\" class=\"rsImg\" src=\"https:\/\/www.hotelala.net\/wp-content\/uploads\/2014\/05\/terme-1.jpg\" data-rsBigImg=\"https:\/\/www.hotelala.net\/wp-content\/uploads\/2014\/05\/terme-1.jpg\" alt=\"terme-1\"\/>\n  \n  \n  \n<\/div>\n\n<\/div>\n\n<h3><strong>Schenken Sie sich das Wohlbefinden!<\/strong><\/h3>\n<p>Das Hotel Ala ist froh, die G\u00e4ste w\u00e4hrend Ihren Thermalkuren zu beherbergen. Der Urlaub wird himmlisch, zwischen Zeit f\u00fcr Wohlbefinden und Entspannung, aber auch Zeit f\u00fcr Spa\u00df und Ablenkung.<strong><br \/>\n<\/strong><br \/>\n<strong>Das Thermalbad \u201eRiccione Terme\u201c bietet den G\u00e4sten nicht nur Kuren, sondern auch zahlreiche M\u00f6glichkeiten, um lustige Tage zu verbringen.<\/strong><br \/>\n<strong>Die Kosten der Thermalkuren werden von der Nationale Gesundheitsf\u00fcrsorge zur\u00fcckgezahlt.<\/strong><\/p>\n<p>Die Nationale Gesundheitsf\u00fcrsorge z\u00e4hlt n\u00e4mlich jeden ordnungsgem\u00e4\u00dfen angemeldeten Patienten, einen Zyklus Thermalkuren pro Jahr zur\u00fcck. Die R\u00fcckzahlung ist m\u00f6glich, nur f\u00fcr festgestellten Gesundheitsprobleme, die tats\u00e4chlich Vorteile aus den Kuren ziehen.<br \/>\nUm die R\u00fcckzahlung zu erhalten, m\u00fcssen Sie ein \u00e4rztliches Attest, der die Pathologie best\u00e4tigt, und die Krankenversicherungskarte Italiens. Es ist wichtig, dass im \u00e4rztliches Attest die richtige Pathologie gezeigt wird.<\/p>\n<p>Die in dem Thermalbad \u201eRiccione Terme\u201c behandelten Therapien sind auf die Kur verschiedenen Pathologie abgezielt: Rheumatismen, Gef\u00e4\u00dfprobleme, dermatologische Probleme, Magen-Darm-Pathologien, Probleme des Harnapparats, Probleme der oberen Atmungswege, Ohrprobleme.<\/p>\n<h3>Die Thermalquellen in Riccione stellen sich vor.<\/h3>\n<p>Die Quellen im Thermalbad &#8222;Riccione Terme&#8220; haben wertvolle Eigenschaften f\u00fcr die Gesundheit und das Wohlbefinden.<\/p>\n<p><strong>Die<\/strong> <strong>Thermalquelle &#8222;Isabella&#8220;<\/strong> mit salzbromjodhaltigen Wasser und einer hohen Konzentration von Salz, hat detox Eigenschaften und ist n\u00fctzlich f\u00fcr die Heilung von \u00d6demen. Die Thermalquelle wird f\u00fcr die Heilung von dermatologischen Problemen und von Muskel-Skelett-System Pathologien geratet.<\/p>\n<p><strong>Die Thermalquelle &#8222;Claudia<\/strong>&#8222;, reich an Schwefel, ist ideal f\u00fcr die Heilung von Pathologien dem oberen und unteren Atmungssystem, und dem Taubheitsgef\u00fchl in der Nase.<\/p>\n<p>Dank ihrer Zartheit, ist <strong>die Thermalquelle &#8222;Celestina&#8220;<\/strong> auch f\u00fcr die empfindlichsten Personen geeignet. Sie kann die Regelm\u00e4\u00dfigkeit des Darms helfen, die Leber entschlacken, und die K\u00f6rper reinigen, erfrischen und beleben.<\/p>\n<p><strong>Die Thermalquelle &#8222;Adriana&#8220;<\/strong> ist sehr mineralisiert und ist f\u00fcr die Behandlung von Allergien und Hautinfektionen geeignet.<\/p>\n<p>Z\u00f6gern Sie nicht in diesen wundert\u00e4tigen Wassern sich zu vertiefen!<br \/>\nDie Thermalquellen Isabella, Claudia, Celestina und Adriana warten f\u00fcr Sie!<\/p>\n","protected":false},"excerpt":{"rendered":"<p>Ihre Gesundheit ist nur wenige Schritte von Hotel entfernt. Das Thermalbad &#8222;Riccione Terme&#8220; wurde w\u00e4hrend des R\u00f6mischen Reichs gegr\u00fcndet und stellt eine wertvolle Quelle f\u00fcr die Gesundheit der Einwohner der Romagna dar. Die Thermalquellen sind reich an Schwefelwasserstoff und stellen &#8230;<\/p>\n","protected":false},"author":3,"featured_media":0,"parent":0,"menu_order":0,"comment_status":"closed","ping_status":"closed","template":"","meta":{"_acf_changed":false},"class_list":["post-176","page","type-page","status-publish","hentry"],"acf":[],"aioseo_notices":[],"_links":{"self":[{"href":"https:\/\/www.hotelala.net\/de\/wp-json\/wp\/v2\/pages\/176","targetHints":{"allow":["GET"]}}],"collection":[{"href":"https:\/\/www.hotelala.net\/de\/wp-json\/wp\/v2\/pages"}],"about":[{"href":"https:\/\/www.hotelala.net\/de\/wp-json\/wp\/v2\/types\/page"}],"author":[{"embeddable":true,"href":"https:\/\/www.hotelala.net\/de\/wp-json\/wp\/v2\/users\/3"}],"replies":[{"embeddable":true,"href":"https:\/\/www.hotelala.net\/de\/wp-json\/wp\/v2\/comments?post=176"}],"version-history":[{"count":0,"href":"https:\/\/www.hotelala.net\/de\/wp-json\/wp\/v2\/pages\/176\/revisions"}],"wp:attachment":[{"href":"https:\/\/www.hotelala.net\/de\/wp-json\/wp\/v2\/media?parent=176"}],"curies":[{"name":"wp","href":"https:\/\/api.w.org\/{rel}","templated":true}]}}