{"id":189,"date":"2014-04-30T11:31:57","date_gmt":"2014-04-30T09:31:57","guid":{"rendered":"https:\/\/www.hotelala.net\/offerte-2\/"},"modified":"2019-09-13T16:27:50","modified_gmt":"2019-09-13T14:27:50","slug":"alle-angebote","status":"publish","type":"page","link":"https:\/\/www.hotelala.net\/de\/alle-angebote\/","title":{"rendered":"<strong>Alle Angebote<\/strong>"},"content":{"rendered":"<h2>Pakete und Angebote f\u00fcr Strandurlaub in Riccione in All Inclusive<\/h2>\n<p>Mehrbettzimmer f\u00fcr Kinder, spezielle Pakete f\u00fcr den Wellnessbereich, ideale Angebote f\u00fcr Familien und Paare &#8230; W\u00e4hlen Sie das Angebot, das zu Ihnen passt!<\/p>\n","protected":false},"excerpt":{"rendered":"<p>Pakete und Angebote f\u00fcr Strandurlaub in Riccione in All Inclusive Mehrbettzimmer f\u00fcr Kinder, spezielle Pakete f\u00fcr den Wellnessbereich, ideale Angebote f\u00fcr Familien und Paare &#8230; W\u00e4hlen Sie das Angebot, das zu Ihnen passt!<\/p>\n","protected":false},"author":6,"featured_media":0,"parent":0,"menu_order":0,"comment_status":"closed","ping_status":"closed","template":"template.offerte.php","meta":{"_acf_changed":false},"class_list":["post-189","page","type-page","status-publish","hentry"],"acf":[],"aioseo_notices":[],"_links":{"self":[{"href":"https:\/\/www.hotelala.net\/de\/wp-json\/wp\/v2\/pages\/189","targetHints":{"allow":["GET"]}}],"collection":[{"href":"https:\/\/www.hotelala.net\/de\/wp-json\/wp\/v2\/pages"}],"about":[{"href":"https:\/\/www.hotelala.net\/de\/wp-json\/wp\/v2\/types\/page"}],"author":[{"embeddable":true,"href":"https:\/\/www.hotelala.net\/de\/wp-json\/wp\/v2\/users\/6"}],"replies":[{"embeddable":true,"href":"https:\/\/www.hotelala.net\/de\/wp-json\/wp\/v2\/comments?post=189"}],"version-history":[{"count":0,"href":"https:\/\/www.hotelala.net\/de\/wp-json\/wp\/v2\/pages\/189\/revisions"}],"wp:attachment":[{"href":"https:\/\/www.hotelala.net\/de\/wp-json\/wp\/v2\/media?parent=189"}],"curies":[{"name":"wp","href":"https:\/\/api.w.org\/{rel}","templated":true}]}}