{"id":196,"date":"2014-03-18T10:53:05","date_gmt":"2014-03-18T09:53:05","guid":{"rendered":"https:\/\/www.hotelala.net\/privacy-2\/"},"modified":"2019-09-13T16:32:26","modified_gmt":"2019-09-13T14:32:26","slug":"privacypolicy","status":"publish","type":"page","link":"https:\/\/www.hotelala.net\/de\/privacypolicy\/","title":{"rendered":"Privacy"},"content":{"rendered":"<h2>Datenschutzerkl\u00e4rung von Hotel Ala Riccione<\/h2>\n<p>Ihre pers\u00f6nlichen Daten, insbesondere Ihre E-Mail mit dem alleinigen Zweck der F\u00f6rderung von T\u00e4tigkeiten und Dienstleistungen des Hotels.<\/p>\n<p>Die Daten sind nicht sehr weit verbreitet und werden vertraulich behandelt und durch manuelle und \/ oder den Computer neu, und von den Spielern, was die Arbeitnehmer, sofern die Mindestgr\u00f6\u00dfe von Ma\u00dfnahmen zur Gefahrenabwehr. Zu jeder Zeit k\u00f6nnen Sie Wahrnehmung Ihrer Rechte nach Artikel 7 der genannten Verordnung (Zugang, anderung, Integration, L\u00f6schung, usw..) Senden an:\u00a0 <strong>info@hotelala.net<\/strong><\/p>\n","protected":false},"excerpt":{"rendered":"<p>Datenschutzerkl\u00e4rung von Hotel Ala Riccione Ihre pers\u00f6nlichen Daten, insbesondere Ihre E-Mail mit dem alleinigen Zweck der F\u00f6rderung von T\u00e4tigkeiten und Dienstleistungen des Hotels. Die Daten sind nicht sehr weit verbreitet und werden vertraulich behandelt und durch manuelle und \/ oder &#8230;<\/p>\n","protected":false},"author":6,"featured_media":0,"parent":0,"menu_order":0,"comment_status":"closed","ping_status":"closed","template":"","meta":{"_acf_changed":false},"class_list":["post-196","page","type-page","status-publish","hentry"],"acf":[],"aioseo_notices":[],"_links":{"self":[{"href":"https:\/\/www.hotelala.net\/de\/wp-json\/wp\/v2\/pages\/196","targetHints":{"allow":["GET"]}}],"collection":[{"href":"https:\/\/www.hotelala.net\/de\/wp-json\/wp\/v2\/pages"}],"about":[{"href":"https:\/\/www.hotelala.net\/de\/wp-json\/wp\/v2\/types\/page"}],"author":[{"embeddable":true,"href":"https:\/\/www.hotelala.net\/de\/wp-json\/wp\/v2\/users\/6"}],"replies":[{"embeddable":true,"href":"https:\/\/www.hotelala.net\/de\/wp-json\/wp\/v2\/comments?post=196"}],"version-history":[{"count":0,"href":"https:\/\/www.hotelala.net\/de\/wp-json\/wp\/v2\/pages\/196\/revisions"}],"wp:attachment":[{"href":"https:\/\/www.hotelala.net\/de\/wp-json\/wp\/v2\/media?parent=196"}],"curies":[{"name":"wp","href":"https:\/\/api.w.org\/{rel}","templated":true}]}}