{"id":566,"date":"2016-03-31T20:20:03","date_gmt":"2016-03-31T18:20:03","guid":{"rendered":"https:\/\/www.hotelala.net\/de\/servizi\/"},"modified":"2020-01-15T11:16:25","modified_gmt":"2020-01-15T10:16:25","slug":"services","status":"publish","type":"page","link":"https:\/\/www.hotelala.net\/de\/services\/","title":{"rendered":"<strong>Services<\/strong>"},"content":{"rendered":"<h2>Im Hotel Ala sind sie mit Freunden und die Familie Troni wird Sie l\u00e4chelnd willkommen hei\u00dfen.<\/h2>\n<p><strong>Das Hotel Ala bietet ein weites Wohnzimmer, wo die G\u00e4ste sich entspannen, lesen, oder fernsehen k\u00f6nnen. Das ist der perfekte Ort, wo Sie die Zeit zwischen ihren Urlaubsaktivit\u00e4ten verbringen k\u00f6nnen.<\/strong><br \/>\nIn unserem immer ge\u00f6ffneten Caf\u00e9 k\u00f6nnen Sie einen erfrischenden Cocktail, oder einen Digestif schl\u00fcrfen.<br \/>\nDer Internet-Point steht immer zur Verf\u00fcgung, wenn unsere G\u00e4ste im Internet surfen wollen. Im Internet k\u00f6nnen Sie n\u00fctzliche Informationen \u00fcber die Stadt von Riccione und ihre Ereignisse finden.<\/p>\n<p>Jedenfalls steht die Familie Troni zur Verf\u00fcgung, um Ihnen mit den Aktivit\u00e4ten Ihres Aufenthalts zu helfen. Eine freundschaftliche Plauderei mit den Einwohnern einer Stadt kann n\u00fctzlicher als eine Suche im Internet sein.<\/p>\n<p><strong>Ihr Urlaub kann wirklich eine echte Erfahrung werden!<\/strong><\/p>\n<p>Das Hotel Ala bietet den G\u00e4ste auch die Verwendung von Fahrr\u00e4dern, sodass Sie frei durch die Stadt fahren k\u00f6nnen.<br \/>\nWenn Ihr Aufenthalt mindestens sieben Tage dauert, k\u00f6nnen Sie auch einen Platz in unserem bewachten Parkplatz reservieren.<br \/>\nDer Parkplatz liegt nur 150 Meter von dem Hotel entfernt. Die Verf\u00fcgbarkeit der Parkpl\u00e4tze ist beschr\u00e4nkt. Deswegen ist es notwendig, dass Sie nach dem Parkplatz schon bei der Buchung anfragen (je nach Verf\u00fcgbarkeit).<\/p>\n","protected":false},"excerpt":{"rendered":"<p>Im Hotel Ala sind sie mit Freunden und die Familie Troni wird Sie l\u00e4chelnd willkommen hei\u00dfen. Das Hotel Ala bietet ein weites Wohnzimmer, wo die G\u00e4ste sich entspannen, lesen, oder fernsehen k\u00f6nnen. Das ist der perfekte Ort, wo Sie die &#8230;<\/p>\n","protected":false},"author":3,"featured_media":0,"parent":0,"menu_order":0,"comment_status":"closed","ping_status":"closed","template":"","meta":{"_acf_changed":false},"class_list":["post-566","page","type-page","status-publish","hentry"],"acf":[],"aioseo_notices":[],"_links":{"self":[{"href":"https:\/\/www.hotelala.net\/de\/wp-json\/wp\/v2\/pages\/566","targetHints":{"allow":["GET"]}}],"collection":[{"href":"https:\/\/www.hotelala.net\/de\/wp-json\/wp\/v2\/pages"}],"about":[{"href":"https:\/\/www.hotelala.net\/de\/wp-json\/wp\/v2\/types\/page"}],"author":[{"embeddable":true,"href":"https:\/\/www.hotelala.net\/de\/wp-json\/wp\/v2\/users\/3"}],"replies":[{"embeddable":true,"href":"https:\/\/www.hotelala.net\/de\/wp-json\/wp\/v2\/comments?post=566"}],"version-history":[{"count":0,"href":"https:\/\/www.hotelala.net\/de\/wp-json\/wp\/v2\/pages\/566\/revisions"}],"wp:attachment":[{"href":"https:\/\/www.hotelala.net\/de\/wp-json\/wp\/v2\/media?parent=566"}],"curies":[{"name":"wp","href":"https:\/\/api.w.org\/{rel}","templated":true}]}}